{"id":3051,"date":"2021-06-08T22:00:35","date_gmt":"2021-06-08T22:00:35","guid":{"rendered":"https:\/\/finix.no\/?page_id=3051"},"modified":"2024-11-12T04:15:20","modified_gmt":"2024-11-12T04:15:20","slug":"prosjekter","status":"publish","type":"page","link":"https:\/\/finix.no\/en\/prosjekter\/","title":{"rendered":"PROSJEKTER"},"content":{"rendered":"<div data-elementor-type=\"wp-page\" data-elementor-id=\"3051\" class=\"elementor elementor-3051\" data-elementor-post-type=\"page\">\n\t\t\t\t\t\t<section class=\"elementor-section elementor-top-section elementor-element elementor-element-ebb1c56 elementor-section-full_width elementor-section-stretched elementor-section-height-min-height elementor-section-height-default elementor-section-items-middle\" data-id=\"ebb1c56\" data-element_type=\"section\" data-settings=\"{&quot;background_background&quot;:&quot;classic&quot;,&quot;stretch_section&quot;:&quot;section-stretched&quot;}\">\n\t\t\t\t\t\t\t<div class=\"elementor-background-overlay\"><\/div>\n\t\t\t\t\t\t\t<div class=\"elementor-container elementor-column-gap-no\">\n\t\t\t\t\t<div class=\"elementor-column elementor-col-100 elementor-top-column elementor-element elementor-element-e6cee78\" data-id=\"e6cee78\" data-element_type=\"column\">\n\t\t\t<div class=\"elementor-widget-wrap elementor-element-populated\">\n\t\t\t\t\t\t<div class=\"elementor-element elementor-element-c48b6b9 elementor-widget elementor-widget-heading\" data-id=\"c48b6b9\" data-element_type=\"widget\" data-widget_type=\"heading.default\">\n\t\t\t\t<div class=\"elementor-widget-container\">\n\t\t\t<h1 class=\"elementor-heading-title elementor-size-default\">Prosjekter<span style=\"color:#FF8500\">.<\/span><\/h1>\t\t<\/div>\n\t\t\t\t<\/div>\n\t\t\t\t<div class=\"elementor-element elementor-element-469502c elementor-widget__width-initial elementor-widget-tablet__width-initial elementor-widget elementor-widget-text-editor\" data-id=\"469502c\" data-element_type=\"widget\" data-widget_type=\"text-editor.default\">\n\t\t\t\t<div class=\"elementor-widget-container\">\n\t\t\t\t\t\t\tVi har gleden av \u00e5 presentere noen av v\u00e5re forn\u00f8yde klienter. \u00d8nsker du \u00e5 diskutere ditt neste prosjekt? <a href=\"tel:+40090726\">ring<\/a> oss eller book en gratis samtale.\t\t\t\t\t\t<\/div>\n\t\t\t\t<\/div>\n\t\t\t\t<section class=\"elementor-section elementor-inner-section elementor-element elementor-element-0f02491 elementor-section-boxed elementor-section-height-default elementor-section-height-default\" data-id=\"0f02491\" data-element_type=\"section\">\n\t\t\t\t\t\t<div class=\"elementor-container elementor-column-gap-default\">\n\t\t\t\t\t<div class=\"elementor-column elementor-col-50 elementor-inner-column elementor-element elementor-element-67f5de5\" data-id=\"67f5de5\" data-element_type=\"column\">\n\t\t\t<div class=\"elementor-widget-wrap elementor-element-populated\">\n\t\t\t\t\t\t<div class=\"elementor-element elementor-element-898e01c elementor-align-justify elementor-widget__width-initial elementor-widget-mobile__width-inherit elementor-widget elementor-widget-global elementor-global-640 elementor-widget-button\" data-id=\"898e01c\" data-element_type=\"widget\" data-widget_type=\"button.default\">\n\t\t\t\t<div class=\"elementor-widget-container\">\n\t\t\t\t\t<div class=\"elementor-button-wrapper\">\n\t\t\t<a class=\"elementor-button elementor-button-link elementor-size-sm\" href=\"https:\/\/calendly.com\/finix\/kartleggingssamtale\" target=\"_blank\">\n\t\t\t\t\t\t<span class=\"elementor-button-content-wrapper\">\n\t\t\t\t\t\t\t\t\t<span class=\"elementor-button-text\">BOOK SAMTALE<\/span>\n\t\t\t\t\t<\/span>\n\t\t\t\t\t<\/a>\n\t\t<\/div>\n\t\t\t\t<\/div>\n\t\t\t\t<\/div>\n\t\t\t\t\t<\/div>\n\t\t<\/div>\n\t\t\t\t<div class=\"elementor-column elementor-col-50 elementor-inner-column elementor-element elementor-element-522c5b7\" data-id=\"522c5b7\" data-element_type=\"column\">\n\t\t\t<div class=\"elementor-widget-wrap elementor-element-populated\">\n\t\t\t\t\t\t<div class=\"elementor-element elementor-element-a5c9b2f elementor-align-justify elementor-widget__width-initial elementor-widget-mobile__width-inherit elementor-widget elementor-widget-global elementor-global-602 elementor-widget-button\" data-id=\"a5c9b2f\" data-element_type=\"widget\" data-widget_type=\"button.default\">\n\t\t\t\t<div class=\"elementor-widget-container\">\n\t\t\t\t\t<div class=\"elementor-button-wrapper\">\n\t\t\t<a class=\"elementor-button elementor-button-link elementor-size-sm\" href=\"\/kontakt-oss\/\">\n\t\t\t\t\t\t<span class=\"elementor-button-content-wrapper\">\n\t\t\t\t\t\t\t\t\t<span class=\"elementor-button-text\">Kontakt oss<\/span>\n\t\t\t\t\t<\/span>\n\t\t\t\t\t<\/a>\n\t\t<\/div>\n\t\t\t\t<\/div>\n\t\t\t\t<\/div>\n\t\t\t\t\t<\/div>\n\t\t<\/div>\n\t\t\t\t\t<\/div>\n\t\t<\/section>\n\t\t\t\t\t<\/div>\n\t\t<\/div>\n\t\t\t\t\t<\/div>\n\t\t<\/section>\n\t\t\t\t<section class=\"elementor-section elementor-top-section elementor-element elementor-element-0120dd3 elementor-section-content-middle elementor-section-boxed elementor-section-height-default elementor-section-height-default\" data-id=\"0120dd3\" data-element_type=\"section\" data-settings=\"{&quot;background_background&quot;:&quot;classic&quot;}\">\n\t\t\t\t\t\t<div class=\"elementor-container elementor-column-gap-no\">\n\t\t\t\t\t<div class=\"elementor-column elementor-col-100 elementor-top-column elementor-element elementor-element-ebf83a1\" data-id=\"ebf83a1\" data-element_type=\"column\">\n\t\t\t<div class=\"elementor-widget-wrap elementor-element-populated\">\n\t\t\t\t\t\t<section class=\"elementor-section elementor-inner-section elementor-element elementor-element-b21fbcb elementor-section-boxed elementor-section-height-default elementor-section-height-default\" data-id=\"b21fbcb\" data-element_type=\"section\">\n\t\t\t\t\t\t<div class=\"elementor-container elementor-column-gap-no\">\n\t\t\t\t\t<div class=\"elementor-column elementor-col-100 elementor-inner-column elementor-element elementor-element-ba99e9c\" data-id=\"ba99e9c\" data-element_type=\"column\">\n\t\t\t<div class=\"elementor-widget-wrap elementor-element-populated\">\n\t\t\t\t\t\t<div class=\"elementor-element elementor-element-f96b87e uael-heading-align-center bg-text long-txt elementor-widget elementor-widget-uael-advanced-heading\" data-id=\"f96b87e\" data-element_type=\"widget\" data-widget_type=\"uael-advanced-heading.default\">\n\t\t\t\t<div class=\"elementor-widget-container\">\n\t\t\t\n\t\t<div class=\"uael-module-content uael-heading-wrapper\">\n\t\t\t\t\t\t\n\t\t\t<h2 class=\"uael-heading\">\n\t\t\t\t\t\t\t\t\t\t<span class=\"uael-heading-text elementor-inline-editing uael-size--default\" data-elementor-setting-key=\"heading_title\" data-elementor-inline-editing-toolbar=\"basic\">PROJECTS<\/span>\n\t\t\t\t\t\t\t<\/h2>\n\n\t\t\t\n\t\t\t\n\t\t\t\n\t\t\t\t\t\t<\/div>\n\t\t\t\t<\/div>\n\t\t\t\t<\/div>\n\t\t\t\t\t<\/div>\n\t\t<\/div>\n\t\t\t\t\t<\/div>\n\t\t<\/section>\n\t\t\t\t<section class=\"elementor-section elementor-inner-section elementor-element elementor-element-9764c94 elementor-section-boxed elementor-section-height-default elementor-section-height-default\" data-id=\"9764c94\" data-element_type=\"section\">\n\t\t\t\t\t\t<div class=\"elementor-container elementor-column-gap-extended\">\n\t\t\t\t\t<div class=\"elementor-column elementor-col-100 elementor-inner-column elementor-element elementor-element-2fcea9a\" data-id=\"2fcea9a\" data-element_type=\"column\" id=\"loadMore\">\n\t\t\t<div class=\"elementor-widget-wrap elementor-element-populated\">\n\t\t\t\t\t\t<div class=\"elementor-element elementor-element-0a7815d img-gallery uael-img-grid-tablet__column-2 uael-img-grid-mobile__column-1 uael-img-grid__column-2 uael-ins-normal uael-img-caption-valign-bottom elementor-widget elementor-widget-uael-image-gallery\" data-id=\"0a7815d\" data-element_type=\"widget\" data-settings=\"{&quot;column_gap&quot;:{&quot;unit&quot;:&quot;px&quot;,&quot;size&quot;:50,&quot;sizes&quot;:[]},&quot;row_gap&quot;:{&quot;unit&quot;:&quot;px&quot;,&quot;size&quot;:50,&quot;sizes&quot;:[]},&quot;gallery_columns_tablet&quot;:&quot;2&quot;,&quot;gallery_columns_mobile&quot;:&quot;1&quot;,&quot;column_gap_mobile&quot;:{&quot;unit&quot;:&quot;px&quot;,&quot;size&quot;:15,&quot;sizes&quot;:[]},&quot;row_gap_mobile&quot;:{&quot;unit&quot;:&quot;px&quot;,&quot;size&quot;:20,&quot;sizes&quot;:[]},&quot;gallery_columns&quot;:&quot;2&quot;,&quot;column_gap_tablet&quot;:{&quot;unit&quot;:&quot;px&quot;,&quot;size&quot;:&quot;&quot;,&quot;sizes&quot;:[]},&quot;row_gap_tablet&quot;:{&quot;unit&quot;:&quot;px&quot;,&quot;size&quot;:&quot;&quot;,&quot;sizes&quot;:[]},&quot;images_valign&quot;:&quot;flex-start&quot;,&quot;caption_padding&quot;:{&quot;unit&quot;:&quot;px&quot;,&quot;top&quot;:&quot;&quot;,&quot;right&quot;:&quot;&quot;,&quot;bottom&quot;:&quot;&quot;,&quot;left&quot;:&quot;&quot;,&quot;isLinked&quot;:true},&quot;caption_padding_tablet&quot;:{&quot;unit&quot;:&quot;px&quot;,&quot;top&quot;:&quot;&quot;,&quot;right&quot;:&quot;&quot;,&quot;bottom&quot;:&quot;&quot;,&quot;left&quot;:&quot;&quot;,&quot;isLinked&quot;:true},&quot;caption_padding_mobile&quot;:{&quot;unit&quot;:&quot;px&quot;,&quot;top&quot;:&quot;&quot;,&quot;right&quot;:&quot;&quot;,&quot;bottom&quot;:&quot;&quot;,&quot;left&quot;:&quot;&quot;,&quot;isLinked&quot;:true}}\" data-widget_type=\"uael-image-gallery.default\">\n\t\t\t\t<div class=\"elementor-widget-container\">\n\t\t\t<div class=\"uael-gallery-parent uael-caption-on-image uael-gallery-unjustified\"><div class=\"uael-img-gallery-wrap uael-img-grid-wrap uael-img-grid-masonry-wrap\" data-filter-default=\"All\"><div class=\"uael-grid-item  uael-img-gallery-item-1\"><div class=\"uael-grid-item-content\"><a class=\"uael-grid-img uael-grid-gallery-img uael-ins-hover elementor-clickable\" target=\"_blank\" rel=\"dofollow\" href=\"https:\/\/finansformidling.no\/\" data-elementor-open-lightbox=\"no\"><div class=\"uael-grid-img-thumbnail uael-ins-target\"><img fetchpriority=\"high\" decoding=\"async\" width=\"1366\" height=\"645\" src=\"https:\/\/finix.no\/wp-content\/uploads\/2024\/11\/Finansformidling.png\" class=\"attachment-full size-full wp-image-32418\" alt=\"\" srcset=\"https:\/\/finix.no\/wp-content\/uploads\/2024\/11\/Finansformidling.png 1366w, https:\/\/finix.no\/wp-content\/uploads\/2024\/11\/Finansformidling-300x142.png 300w, https:\/\/finix.no\/wp-content\/uploads\/2024\/11\/Finansformidling-1024x484.png 1024w, https:\/\/finix.no\/wp-content\/uploads\/2024\/11\/Finansformidling-768x363.png 768w, https:\/\/finix.no\/wp-content\/uploads\/2024\/11\/Finansformidling-18x8.png 18w\" sizes=\"(max-width: 1366px) 100vw, 1366px\" \/><figcaption class=\"uael-grid-img-content\"><div class=\"uael-grid-img-caption\"><h4 class=\"uael-grid-caption-text\">Finansformidling<\/h4><\/div><\/figcaption><\/div><div class=\"uael-grid-img-overlay\"><\/div><\/a><\/div><\/div><div class=\"uael-grid-item  uael-img-gallery-item-2\"><div class=\"uael-grid-item-content\"><a class=\"uael-grid-img uael-grid-gallery-img uael-ins-hover elementor-clickable\" target=\"_blank\" rel=\"dofollow\" href=\"https:\/\/fremrykk.no\/\" data-elementor-open-lightbox=\"no\"><div class=\"uael-grid-img-thumbnail uael-ins-target\"><img decoding=\"async\" width=\"1365\" height=\"650\" src=\"https:\/\/finix.no\/wp-content\/uploads\/2024\/11\/Fremrykk.png\" class=\"attachment-full size-full wp-image-32417\" alt=\"\" srcset=\"https:\/\/finix.no\/wp-content\/uploads\/2024\/11\/Fremrykk.png 1365w, https:\/\/finix.no\/wp-content\/uploads\/2024\/11\/Fremrykk-300x143.png 300w, https:\/\/finix.no\/wp-content\/uploads\/2024\/11\/Fremrykk-1024x488.png 1024w, https:\/\/finix.no\/wp-content\/uploads\/2024\/11\/Fremrykk-768x366.png 768w, https:\/\/finix.no\/wp-content\/uploads\/2024\/11\/Fremrykk-18x9.png 18w\" sizes=\"(max-width: 1365px) 100vw, 1365px\" \/><figcaption class=\"uael-grid-img-content\"><div class=\"uael-grid-img-caption\"><h4 class=\"uael-grid-caption-text\">Fremrykk<\/h4><\/div><\/figcaption><\/div><div class=\"uael-grid-img-overlay\"><\/div><\/a><\/div><\/div><div class=\"uael-grid-item  uael-img-gallery-item-3\"><div class=\"uael-grid-item-content\"><a class=\"uael-grid-img uael-grid-gallery-img uael-ins-hover elementor-clickable\" target=\"_blank\" rel=\"dofollow\" href=\"https:\/\/drwax.as\/\" data-elementor-open-lightbox=\"no\"><div class=\"uael-grid-img-thumbnail uael-ins-target\"><img decoding=\"async\" width=\"1200\" height=\"591\" src=\"https:\/\/finix.no\/wp-content\/uploads\/2021\/12\/drwax.jpg\" class=\"attachment-full size-full wp-image-9166\" alt=\"\" srcset=\"https:\/\/finix.no\/wp-content\/uploads\/2021\/12\/drwax.jpg 1200w, https:\/\/finix.no\/wp-content\/uploads\/2021\/12\/drwax-300x148.jpg 300w, https:\/\/finix.no\/wp-content\/uploads\/2021\/12\/drwax-1024x504.jpg 1024w, https:\/\/finix.no\/wp-content\/uploads\/2021\/12\/drwax-768x378.jpg 768w, https:\/\/finix.no\/wp-content\/uploads\/2021\/12\/drwax-18x9.jpg 18w\" sizes=\"(max-width: 1200px) 100vw, 1200px\" \/><figcaption class=\"uael-grid-img-content\"><div class=\"uael-grid-img-caption\"><h4 class=\"uael-grid-caption-text\">Dr. Wax AS<\/h4><\/div><\/figcaption><\/div><div class=\"uael-grid-img-overlay\"><\/div><\/a><\/div><\/div><div class=\"uael-grid-item  uael-img-gallery-item-4\"><div class=\"uael-grid-item-content\"><a class=\"uael-grid-img uael-grid-gallery-img uael-ins-hover elementor-clickable\" target=\"_blank\" rel=\"dofollow\" href=\"https:\/\/happybusiness.no\/\" data-elementor-open-lightbox=\"no\"><div class=\"uael-grid-img-thumbnail uael-ins-target\"><img loading=\"lazy\" decoding=\"async\" width=\"1200\" height=\"591\" src=\"https:\/\/finix.no\/wp-content\/uploads\/2021\/12\/happybusiness.jpg\" class=\"attachment-full size-full wp-image-9163\" alt=\"\" srcset=\"https:\/\/finix.no\/wp-content\/uploads\/2021\/12\/happybusiness.jpg 1200w, https:\/\/finix.no\/wp-content\/uploads\/2021\/12\/happybusiness-300x148.jpg 300w, https:\/\/finix.no\/wp-content\/uploads\/2021\/12\/happybusiness-1024x504.jpg 1024w, https:\/\/finix.no\/wp-content\/uploads\/2021\/12\/happybusiness-768x378.jpg 768w, https:\/\/finix.no\/wp-content\/uploads\/2021\/12\/happybusiness-18x9.jpg 18w\" sizes=\"(max-width: 1200px) 100vw, 1200px\" \/><figcaption class=\"uael-grid-img-content\"><div class=\"uael-grid-img-caption\"><h4 class=\"uael-grid-caption-text\">Happy Business<\/h4><\/div><\/figcaption><\/div><div class=\"uael-grid-img-overlay\"><\/div><\/a><\/div><\/div><div class=\"uael-grid-item  uael-img-gallery-item-5\"><div class=\"uael-grid-item-content\"><a class=\"uael-grid-img uael-grid-gallery-img uael-ins-hover elementor-clickable\" target=\"_blank\" rel=\"dofollow\" href=\"https:\/\/tb3.no\/\" data-elementor-open-lightbox=\"no\"><div class=\"uael-grid-img-thumbnail uael-ins-target\"><img loading=\"lazy\" decoding=\"async\" width=\"1200\" height=\"591\" src=\"https:\/\/finix.no\/wp-content\/uploads\/2021\/12\/tb3.jpg\" class=\"attachment-full size-full wp-image-9160\" alt=\"\" srcset=\"https:\/\/finix.no\/wp-content\/uploads\/2021\/12\/tb3.jpg 1200w, https:\/\/finix.no\/wp-content\/uploads\/2021\/12\/tb3-300x148.jpg 300w, https:\/\/finix.no\/wp-content\/uploads\/2021\/12\/tb3-1024x504.jpg 1024w, https:\/\/finix.no\/wp-content\/uploads\/2021\/12\/tb3-768x378.jpg 768w, https:\/\/finix.no\/wp-content\/uploads\/2021\/12\/tb3-18x9.jpg 18w\" sizes=\"(max-width: 1200px) 100vw, 1200px\" \/><figcaption class=\"uael-grid-img-content\"><div class=\"uael-grid-img-caption\"><h4 class=\"uael-grid-caption-text\">TB3<\/h4><\/div><\/figcaption><\/div><div class=\"uael-grid-img-overlay\"><\/div><\/a><\/div><\/div><div class=\"uael-grid-item  uael-img-gallery-item-6\"><div class=\"uael-grid-item-content\"><a class=\"uael-grid-img uael-grid-gallery-img uael-ins-hover elementor-clickable\" target=\"_blank\" rel=\"dofollow\" href=\"https:\/\/guruji.no\/\" data-elementor-open-lightbox=\"no\"><div class=\"uael-grid-img-thumbnail uael-ins-target\"><img loading=\"lazy\" decoding=\"async\" width=\"1200\" height=\"591\" src=\"https:\/\/finix.no\/wp-content\/uploads\/2021\/12\/guruji.jpg\" class=\"attachment-full size-full wp-image-9164\" alt=\"\" srcset=\"https:\/\/finix.no\/wp-content\/uploads\/2021\/12\/guruji.jpg 1200w, https:\/\/finix.no\/wp-content\/uploads\/2021\/12\/guruji-300x148.jpg 300w, https:\/\/finix.no\/wp-content\/uploads\/2021\/12\/guruji-1024x504.jpg 1024w, https:\/\/finix.no\/wp-content\/uploads\/2021\/12\/guruji-768x378.jpg 768w, https:\/\/finix.no\/wp-content\/uploads\/2021\/12\/guruji-18x9.jpg 18w\" sizes=\"(max-width: 1200px) 100vw, 1200px\" \/><figcaption class=\"uael-grid-img-content\"><div class=\"uael-grid-img-caption\"><h4 class=\"uael-grid-caption-text\">Guru Ji<\/h4><\/div><\/figcaption><\/div><div class=\"uael-grid-img-overlay\"><\/div><\/a><\/div><\/div><\/div><\/div>\t\t<\/div>\n\t\t\t\t<\/div>\n\t\t\t\t\t<\/div>\n\t\t<\/div>\n\t\t\t\t\t<\/div>\n\t\t<\/section>\n\t\t\t\t\t<\/div>\n\t\t<\/div>\n\t\t\t\t\t<\/div>\n\t\t<\/section>\n\t\t\t\t<\/div>","protected":false},"excerpt":{"rendered":"<p>Prosjekter. Vi har gleden av \u00e5 presentere noen av v\u00e5re forn\u00f8yde klienter. \u00d8nsker du \u00e5 diskutere ditt neste prosjekt? ring oss eller book en gratis samtale. BOOK SAMTALE Kontakt oss PROJECTS Finansformidling Fremrykk Dr. Wax AS Happy Business TB3 Guru Ji<\/p>","protected":false},"author":3,"featured_media":0,"parent":0,"menu_order":0,"comment_status":"closed","ping_status":"closed","template":"","meta":{"om_disable_all_campaigns":false,"_monsterinsights_skip_tracking":false,"_monsterinsights_sitenote_active":false,"_monsterinsights_sitenote_note":"","_monsterinsights_sitenote_category":0,"site-sidebar-layout":"no-sidebar","site-content-layout":"page-builder","ast-site-content-layout":"","site-content-style":"default","site-sidebar-style":"default","ast-global-header-display":"","ast-banner-title-visibility":"","ast-main-header-display":"","ast-hfb-above-header-display":"","ast-hfb-below-header-display":"","ast-hfb-mobile-header-display":"","site-post-title":"disabled","ast-breadcrumbs-content":null,"ast-featured-img":"disabled","footer-sml-layout":"","theme-transparent-header-meta":"enabled","adv-header-id-meta":null,"stick-header-meta":null,"header-above-stick-meta":null,"header-main-stick-meta":null,"header-below-stick-meta":null,"astra-migrate-meta-layouts":"default","ast-page-background-enabled":"default","ast-page-background-meta":{"desktop":{"background-color":"","background-image":"","background-repeat":"repeat","background-position":"center center","background-size":"auto","background-attachment":"scroll","background-type":"","background-media":"","overlay-type":"","overlay-color":"","overlay-opacity":"","overlay-gradient":""},"tablet":{"background-color":"","background-image":"","background-repeat":"repeat","background-position":"center center","background-size":"auto","background-attachment":"scroll","background-type":"","background-media":"","overlay-type":"","overlay-color":"","overlay-opacity":"","overlay-gradient":""},"mobile":{"background-color":"","background-image":"","background-repeat":"repeat","background-position":"center center","background-size":"auto","background-attachment":"scroll","background-type":"","background-media":"","overlay-type":"","overlay-color":"","overlay-opacity":"","overlay-gradient":""}},"ast-content-background-meta":{"desktop":{"background-color":"var(--ast-global-color-5)","background-image":"","background-repeat":"repeat","background-position":"center center","background-size":"auto","background-attachment":"scroll","background-type":"","background-media":"","overlay-type":"","overlay-color":"","overlay-opacity":"","overlay-gradient":""},"tablet":{"background-color":"var(--ast-global-color-5)","background-image":"","background-repeat":"repeat","background-position":"center center","background-size":"auto","background-attachment":"scroll","background-type":"","background-media":"","overlay-type":"","overlay-color":"","overlay-opacity":"","overlay-gradient":""},"mobile":{"background-color":"var(--ast-global-color-5)","background-image":"","background-repeat":"repeat","background-position":"center center","background-size":"auto","background-attachment":"scroll","background-type":"","background-media":"","overlay-type":"","overlay-color":"","overlay-opacity":"","overlay-gradient":""}},"footnotes":""},"class_list":["post-3051","page","type-page","status-publish","hentry"],"aioseo_notices":[],"_links":{"self":[{"href":"https:\/\/finix.no\/en\/wp-json\/wp\/v2\/pages\/3051","targetHints":{"allow":["GET"]}}],"collection":[{"href":"https:\/\/finix.no\/en\/wp-json\/wp\/v2\/pages"}],"about":[{"href":"https:\/\/finix.no\/en\/wp-json\/wp\/v2\/types\/page"}],"author":[{"embeddable":true,"href":"https:\/\/finix.no\/en\/wp-json\/wp\/v2\/users\/3"}],"replies":[{"embeddable":true,"href":"https:\/\/finix.no\/en\/wp-json\/wp\/v2\/comments?post=3051"}],"version-history":[{"count":6,"href":"https:\/\/finix.no\/en\/wp-json\/wp\/v2\/pages\/3051\/revisions"}],"predecessor-version":[{"id":32421,"href":"https:\/\/finix.no\/en\/wp-json\/wp\/v2\/pages\/3051\/revisions\/32421"}],"wp:attachment":[{"href":"https:\/\/finix.no\/en\/wp-json\/wp\/v2\/media?parent=3051"}],"curies":[{"name":"wp","href":"https:\/\/api.w.org\/{rel}","templated":true}]}}